{"id":38,"date":"2022-12-08T22:43:48","date_gmt":"2021-03-09T09:03:37","guid":{"rendered":"https:\/\/koplaco.com.br\/index.php\/about-us\/"},"modified":"2022-12-17T20:23:00","modified_gmt":"2022-12-17T23:23:00","slug":"sobre-nos","status":"publish","type":"page","link":"https:\/\/koplaco.com.br\/index.php\/sobre-nos\/","title":{"rendered":"Sobre n\u00f3s"},"content":{"rendered":"[spb_text_block title=&#8221;Nossa Hist\u00f3ria&#8221; pb_margin_bottom=&#8221;no&#8221; pb_border_bottom=&#8221;no&#8221; width=&#8221;1\/1&#8243; el_position=&#8221;first last&#8221;]\n<p><img loading=\"lazy\" decoding=\"async\" class=\"wp-image-9945 alignright\" src=\"https:\/\/koplaco.com.br\/wp-content\/uploads\/2022\/12\/WhatsApp-Image-2022-12-16-at-11.07.38-1-e1671249941809-502x600.jpeg\" alt=\"\" width=\"306\" height=\"366\" srcset=\"https:\/\/koplaco.com.br\/wp-content\/uploads\/2022\/12\/WhatsApp-Image-2022-12-16-at-11.07.38-1-e1671249941809-502x600.jpeg 502w, https:\/\/koplaco.com.br\/wp-content\/uploads\/2022\/12\/WhatsApp-Image-2022-12-16-at-11.07.38-1-e1671249941809-600x717.jpeg 600w, https:\/\/koplaco.com.br\/wp-content\/uploads\/2022\/12\/WhatsApp-Image-2022-12-16-at-11.07.38-1-e1671249941809-768x918.jpeg 768w, https:\/\/koplaco.com.br\/wp-content\/uploads\/2022\/12\/WhatsApp-Image-2022-12-16-at-11.07.38-1-e1671249941809.jpeg 848w\" sizes=\"(max-width: 306px) 100vw, 306px\" \/><\/p>\n<div>\n<h3>A Kopla nasceu com o intuito de trazer para o p\u00fablico, uma moda street consciente, com fabrica\u00e7\u00f5es e ideias mais sustent\u00e1veis, prezando tamb\u00e9m pela alta qualidade dos produtos. Seguindo o modelo do slow fasion, valorizamos a m\u00e3o- de-obra desde o desenvolvimento at\u00e9 a produ\u00e7\u00e3o final das pe\u00e7as, resultando em exclusividade e maior durabilidade dos produtos.<\/h3>\n<p>&nbsp;<\/p>\n<\/div>\n[\/spb_text_block]\n","protected":false},"excerpt":{"rendered":"<p>[spb_text_block title=&#8221;Nossa Hist\u00f3ria&#8221; pb_margin_bottom=&#8221;no&#8221; pb_border_bottom=&#8221;no&#8221; width=&#8221;1\/1&#8243; el_position=&#8221;first last&#8221;] A Kopla nasceu com o intuito de trazer para o p\u00fablico, uma moda street consciente, com fabrica\u00e7\u00f5es e ideias mais sustent\u00e1veis, prezando tamb\u00e9m pela alta qualidade dos produtos. Seguindo o modelo do slow fasion, valorizamos a m\u00e3o- de-obra desde o desenvolvimento at\u00e9 a produ\u00e7\u00e3o final das pe\u00e7as, resultando em exclusividade e maior [&hellip;]<\/p>\n","protected":false},"author":1,"featured_media":0,"parent":0,"menu_order":0,"comment_status":"closed","ping_status":"closed","template":"","meta":{"om_disable_all_campaigns":false,"_monsterinsights_skip_tracking":false,"_monsterinsights_sitenote_active":false,"_monsterinsights_sitenote_note":"","_monsterinsights_sitenote_category":0,"footnotes":""},"aioseo_notices":[],"_links":{"self":[{"href":"https:\/\/koplaco.com.br\/index.php\/wp-json\/wp\/v2\/pages\/38"}],"collection":[{"href":"https:\/\/koplaco.com.br\/index.php\/wp-json\/wp\/v2\/pages"}],"about":[{"href":"https:\/\/koplaco.com.br\/index.php\/wp-json\/wp\/v2\/types\/page"}],"author":[{"embeddable":true,"href":"https:\/\/koplaco.com.br\/index.php\/wp-json\/wp\/v2\/users\/1"}],"replies":[{"embeddable":true,"href":"https:\/\/koplaco.com.br\/index.php\/wp-json\/wp\/v2\/comments?post=38"}],"version-history":[{"count":11,"href":"https:\/\/koplaco.com.br\/index.php\/wp-json\/wp\/v2\/pages\/38\/revisions"}],"predecessor-version":[{"id":9398,"href":"https:\/\/koplaco.com.br\/index.php\/wp-json\/wp\/v2\/pages\/38\/revisions\/9398"}],"wp:attachment":[{"href":"https:\/\/koplaco.com.br\/index.php\/wp-json\/wp\/v2\/media?parent=38"}],"curies":[{"name":"wp","href":"https:\/\/api.w.org\/{rel}","templated":true}]}}