{"id":10121,"date":"2023-05-25T19:30:20","date_gmt":"2023-05-25T22:30:20","guid":{"rendered":"https:\/\/koplaco.com.br\/?post_type=product&#038;p=10121"},"modified":"2026-03-31T10:08:19","modified_gmt":"2026-03-31T13:08:19","slug":"casaco-moletom-purple-hood","status":"publish","type":"product","link":"https:\/\/koplaco.com.br\/index.php\/produto\/casaco-moletom-purple-hood\/","title":{"rendered":"Moletom Purple Hood"},"content":{"rendered":"<ol>\n<li>Acabamentos:<\/li>\n<\/ol>\n<ul>\n<li>Capuz<\/li>\n<li>Forro do capuz<\/li>\n<li>Bolso modelo canguru<\/li>\n<li>Refor\u00e7o em todas as costuras<\/li>\n<li>Ribana nas mangas e na barra<\/li>\n<li>Ilh\u00f3s e cord\u00e3o<\/li>\n<li>Bordado frontal<\/li>\n<li>Etiqueta interna<\/li>\n<\/ul>\n<a class=\"sf-button small accent standard\" href=\"#modal-1\" role=\"button\" data-toggle=\"modal\"><span>Tabela de Tamanhos<\/span><\/a><div id=\"modal-1\" class=\"modal hide fade\" tabindex=\"-1\" role=\"dialog\" aria-labelledby=\"Tabela de Tamanhos (cm)\" aria-hidden=\"true\">\n\t\t  <div class=\"modal-header\">\n\t\t    <button type=\"button\" class=\"close\" data-dismiss=\"modal\" aria-hidden=\"true\">\u00d7<\/button>\n\t\t    <h3 id=\"modal-label\">Tabela de Tamanhos (cm)<\/h3>\n\t\t  <\/div>\n\t\t  <div class=\"modal-body\">\n\t\t  \t\n<table class=\"sf-table standard_bordered\"><tbody>\n<tr>\n<th> <\/th>\n<th>P<\/th>\n<th>M<\/th>\n<th>G<\/th>\n<th>GG<\/th>\n<\/tr>\n<tr>\n<th>Largura<\/th>\n<td>55<\/td>\n<td>57<\/td>\n<td>58<\/td>\n<td>60<\/td>\n<\/tr>\n<tr>\n<th>Comprimento<\/th>\n<td>67+5 (ribana)<\/td>\n<td>68,5+5 (ribana)<\/td>\n<td>70+5 (ribana)<\/td>\n<td>71,5+5 (ribana)<\/td>\n<\/tr>\n<tr>\n<th>Comprimento da Manga<\/th>\n<td>62,5+5 (ribana)<\/td>\n<td>63,5+5 (ribana)<\/td>\n<td>64,5+5 (ribana)<\/td>\n<td>65,5+5 (ribana)<\/td>\n<\/tr>\n<\/tbody><\/table>\n<div>\n<p>*As medidas podem sofrer varia\u00e7\u00e3o de 5% pelos processos de corte e costura serem manuais.<\/p>\n<\/div>\n\n\t\t  <\/div>\n\t\t<\/div>\n","protected":false},"excerpt":{"rendered":"<p>Acabamentos: Capuz Forro do capuz Bolso modelo canguru Refor\u00e7o em todas as costuras Ribana nas mangas e na barra Ilh\u00f3s e cord\u00e3o Bordado frontal Etiqueta interna<\/p>\n","protected":false},"featured_media":10203,"comment_status":"open","ping_status":"closed","template":"","meta":{"om_disable_all_campaigns":false,"_monsterinsights_skip_tracking":false,"_monsterinsights_sitenote_active":false,"_monsterinsights_sitenote_note":"","_monsterinsights_sitenote_category":0},"product_cat":[335],"product_tag":[],"aioseo_notices":[],"_links":{"self":[{"href":"https:\/\/koplaco.com.br\/index.php\/wp-json\/wp\/v2\/product\/10121"}],"collection":[{"href":"https:\/\/koplaco.com.br\/index.php\/wp-json\/wp\/v2\/product"}],"about":[{"href":"https:\/\/koplaco.com.br\/index.php\/wp-json\/wp\/v2\/types\/product"}],"replies":[{"embeddable":true,"href":"https:\/\/koplaco.com.br\/index.php\/wp-json\/wp\/v2\/comments?post=10121"}],"wp:featuredmedia":[{"embeddable":true,"href":"https:\/\/koplaco.com.br\/index.php\/wp-json\/wp\/v2\/media\/10203"}],"wp:attachment":[{"href":"https:\/\/koplaco.com.br\/index.php\/wp-json\/wp\/v2\/media?parent=10121"}],"wp:term":[{"taxonomy":"product_cat","embeddable":true,"href":"https:\/\/koplaco.com.br\/index.php\/wp-json\/wp\/v2\/product_cat?post=10121"},{"taxonomy":"product_tag","embeddable":true,"href":"https:\/\/koplaco.com.br\/index.php\/wp-json\/wp\/v2\/product_tag?post=10121"}],"curies":[{"name":"wp","href":"https:\/\/api.w.org\/{rel}","templated":true}]}}