{"id":10127,"date":"2023-05-25T19:42:48","date_gmt":"2023-05-25T22:42:48","guid":{"rendered":"https:\/\/koplaco.com.br\/?post_type=product&#038;p=10127"},"modified":"2026-04-01T11:35:56","modified_gmt":"2026-04-01T14:35:56","slug":"calca-moletom-classic-preta","status":"publish","type":"product","link":"https:\/\/koplaco.com.br\/index.php\/produto\/calca-moletom-classic-preta\/","title":{"rendered":"Cal\u00e7a Moletom Classic Preta"},"content":{"rendered":"<p>Acabamentos:<\/p>\n<ul>\n<li>Refor\u00e7o em todas as costuras<\/li>\n<li>C\u00f3s do pr\u00f3prio tecido<\/li>\n<li>2 bolsos na frente<\/li>\n<li>El\u00e1stico na barra<\/li>\n<li>Etiqueta interna<\/li>\n<li>Bordado<\/li>\n<\/ul>\n","protected":false},"excerpt":{"rendered":"<p>Acabamentos: Refor\u00e7o em todas as costuras C\u00f3s do pr\u00f3prio tecido 2 bolsos na frente El\u00e1stico na barra Etiqueta interna Bordado<\/p>\n","protected":false},"featured_media":10248,"comment_status":"open","ping_status":"closed","template":"","meta":{"om_disable_all_campaigns":false,"_monsterinsights_skip_tracking":false,"_monsterinsights_sitenote_active":false,"_monsterinsights_sitenote_note":"","_monsterinsights_sitenote_category":0},"product_cat":[253,335],"product_tag":[],"aioseo_notices":[],"_links":{"self":[{"href":"https:\/\/koplaco.com.br\/index.php\/wp-json\/wp\/v2\/product\/10127"}],"collection":[{"href":"https:\/\/koplaco.com.br\/index.php\/wp-json\/wp\/v2\/product"}],"about":[{"href":"https:\/\/koplaco.com.br\/index.php\/wp-json\/wp\/v2\/types\/product"}],"replies":[{"embeddable":true,"href":"https:\/\/koplaco.com.br\/index.php\/wp-json\/wp\/v2\/comments?post=10127"}],"wp:featuredmedia":[{"embeddable":true,"href":"https:\/\/koplaco.com.br\/index.php\/wp-json\/wp\/v2\/media\/10248"}],"wp:attachment":[{"href":"https:\/\/koplaco.com.br\/index.php\/wp-json\/wp\/v2\/media?parent=10127"}],"wp:term":[{"taxonomy":"product_cat","embeddable":true,"href":"https:\/\/koplaco.com.br\/index.php\/wp-json\/wp\/v2\/product_cat?post=10127"},{"taxonomy":"product_tag","embeddable":true,"href":"https:\/\/koplaco.com.br\/index.php\/wp-json\/wp\/v2\/product_tag?post=10127"}],"curies":[{"name":"wp","href":"https:\/\/api.w.org\/{rel}","templated":true}]}}