{"id":9703,"date":"2022-01-09T18:14:24","date_gmt":"2022-01-09T21:14:24","guid":{"rendered":"https:\/\/koplaco.com.br\/?post_type=product&#038;p=9703"},"modified":"2026-03-30T09:28:48","modified_gmt":"2026-03-30T12:28:48","slug":"bone-five-panel-classic","status":"publish","type":"product","link":"https:\/\/koplaco.com.br\/index.php\/produto\/bone-five-panel-classic\/","title":{"rendered":"Bon\u00e9 Five Panel Classic"},"content":{"rendered":"<ul>\n<li class=\"_04xlpA direction-ltr align-start para-style-body\"><span class=\"JsGRdQ\">Estampa: Bordada<\/span><\/li>\n<li class=\"_04xlpA direction-ltr align-start para-style-body\"><span class=\"JsGRdQ\">Composi\u00e7\u00e3o: Microfibra 100% algod\u00e3o<\/span><\/li>\n<\/ul>\n<p>&nbsp;<\/p>\n<p>Acabamentos:<\/p>\n<ul>\n<li class=\"_04xlpA direction-ltr align-start para-style-body\">Regulado: Tic tac<\/li>\n<li class=\"_04xlpA direction-ltr align-start para-style-body\">2 ilh\u00f3s<\/li>\n<\/ul>\n<p>Tamanho:<\/p>\n<ul>\n<li>Circunfer\u00eancia: 58cm<\/li>\n<\/ul>\n","protected":false},"excerpt":{"rendered":"<p>Estampa: Bordada Composi\u00e7\u00e3o: Microfibra 100% algod\u00e3o &nbsp; Acabamentos: Regulado: Tic tac 2 ilh\u00f3s Tamanho: Circunfer\u00eancia: 58cm<\/p>\n","protected":false},"featured_media":10180,"comment_status":"open","ping_status":"closed","template":"","meta":{"om_disable_all_campaigns":false,"_monsterinsights_skip_tracking":false,"_monsterinsights_sitenote_active":false,"_monsterinsights_sitenote_note":"","_monsterinsights_sitenote_category":0},"product_cat":[122],"product_tag":[],"aioseo_notices":[],"_links":{"self":[{"href":"https:\/\/koplaco.com.br\/index.php\/wp-json\/wp\/v2\/product\/9703"}],"collection":[{"href":"https:\/\/koplaco.com.br\/index.php\/wp-json\/wp\/v2\/product"}],"about":[{"href":"https:\/\/koplaco.com.br\/index.php\/wp-json\/wp\/v2\/types\/product"}],"replies":[{"embeddable":true,"href":"https:\/\/koplaco.com.br\/index.php\/wp-json\/wp\/v2\/comments?post=9703"}],"wp:featuredmedia":[{"embeddable":true,"href":"https:\/\/koplaco.com.br\/index.php\/wp-json\/wp\/v2\/media\/10180"}],"wp:attachment":[{"href":"https:\/\/koplaco.com.br\/index.php\/wp-json\/wp\/v2\/media?parent=9703"}],"wp:term":[{"taxonomy":"product_cat","embeddable":true,"href":"https:\/\/koplaco.com.br\/index.php\/wp-json\/wp\/v2\/product_cat?post=9703"},{"taxonomy":"product_tag","embeddable":true,"href":"https:\/\/koplaco.com.br\/index.php\/wp-json\/wp\/v2\/product_tag?post=9703"}],"curies":[{"name":"wp","href":"https:\/\/api.w.org\/{rel}","templated":true}]}}