{"id":9779,"date":"2022-01-01T00:01:22","date_gmt":"2022-01-01T03:01:22","guid":{"rendered":"https:\/\/koplaco.com.br\/?post_type=product&#038;p=9779"},"modified":"2026-04-01T11:25:55","modified_gmt":"2026-04-01T14:25:55","slug":"calca-slit-wave-preta","status":"publish","type":"product","link":"https:\/\/koplaco.com.br\/index.php\/produto\/calca-slit-wave-preta\/","title":{"rendered":"Cal\u00e7a Slit Wave Preta"},"content":{"rendered":"<div>\n<ul>\n<li>Estampa: DTF<\/li>\n<li>Composi\u00e7\u00e3o: 100% poliamida<\/li>\n<\/ul>\n<div>\n<p>Acabamentos:<\/p>\n<ul>\n<li>Dois bolsos frontais<\/li>\n<li>Recorte lateral nas duas pernas com abertura e bot\u00e3o<\/li>\n<li>Z\u00edper, braguilha e bot\u00e3o<\/li>\n<\/ul>\n<a class=\"sf-button small accent standard\" href=\"#modal-1\" role=\"button\" data-toggle=\"modal\"><span>Tabela de Tamanhos<\/span><\/a><div id=\"modal-1\" class=\"modal hide fade\" tabindex=\"-1\" role=\"dialog\" aria-labelledby=\"Tabela de Tamanhos (cm)\" aria-hidden=\"true\">\n\t\t  <div class=\"modal-header\">\n\t\t    <button type=\"button\" class=\"close\" data-dismiss=\"modal\" aria-hidden=\"true\">\u00d7<\/button>\n\t\t    <h3 id=\"modal-label\">Tabela de Tamanhos (cm)<\/h3>\n\t\t  <\/div>\n\t\t  <div class=\"modal-body\">\n\t\t  \t\n<table class=\"sf-table standard_bordered\"><tbody>\n<tr>\n<th> <\/th>\n<th>PP<\/th>\n<th>P<\/th>\n<th>M<\/th>\n<th>G<\/th>\n<th>GG<\/th>\n<\/tr>\n<tr>\n<th>Quadril Frente<\/th>\n<td>50<\/td>\n<td>51<\/td>\n<td>52<\/td>\n<td>54<\/td>\n<td>56<\/td>\n<\/tr>\n<tr>\n<th>Comprimento<\/th>\n<td>104<\/td>\n<td>106<\/td>\n<td>108<\/td>\n<td>110<\/td>\n<td>112<\/td>\n<\/tr>\n<\/tbody><\/table>\n<div>\n<p>*As medidas podem sofrer varia\u00e7\u00e3o de 5% pelos processos de corte e costura serem manuais.<\/p>\n<\/div>\n\n\t\t  <\/div>\n\t\t<\/div>\n<div>\n<p>&nbsp;<\/p>\n<\/div>\n<\/div>\n<\/div>\n","protected":false},"excerpt":{"rendered":"<p>Estampa: DTF Composi\u00e7\u00e3o: 100% poliamida Acabamentos: Dois bolsos frontais Recorte lateral nas duas pernas com abertura e bot\u00e3o Z\u00edper, braguilha e bot\u00e3o &nbsp;<\/p>\n","protected":false},"featured_media":10247,"comment_status":"open","ping_status":"closed","template":"","meta":{"om_disable_all_campaigns":false,"_monsterinsights_skip_tracking":false,"_monsterinsights_sitenote_active":false,"_monsterinsights_sitenote_note":"","_monsterinsights_sitenote_category":0},"product_cat":[253],"product_tag":[],"aioseo_notices":[],"_links":{"self":[{"href":"https:\/\/koplaco.com.br\/index.php\/wp-json\/wp\/v2\/product\/9779"}],"collection":[{"href":"https:\/\/koplaco.com.br\/index.php\/wp-json\/wp\/v2\/product"}],"about":[{"href":"https:\/\/koplaco.com.br\/index.php\/wp-json\/wp\/v2\/types\/product"}],"replies":[{"embeddable":true,"href":"https:\/\/koplaco.com.br\/index.php\/wp-json\/wp\/v2\/comments?post=9779"}],"wp:featuredmedia":[{"embeddable":true,"href":"https:\/\/koplaco.com.br\/index.php\/wp-json\/wp\/v2\/media\/10247"}],"wp:attachment":[{"href":"https:\/\/koplaco.com.br\/index.php\/wp-json\/wp\/v2\/media?parent=9779"}],"wp:term":[{"taxonomy":"product_cat","embeddable":true,"href":"https:\/\/koplaco.com.br\/index.php\/wp-json\/wp\/v2\/product_cat?post=9779"},{"taxonomy":"product_tag","embeddable":true,"href":"https:\/\/koplaco.com.br\/index.php\/wp-json\/wp\/v2\/product_tag?post=9779"}],"curies":[{"name":"wp","href":"https:\/\/api.w.org\/{rel}","templated":true}]}}