{"id":9835,"date":"2022-01-16T14:53:08","date_gmt":"2022-01-16T17:53:08","guid":{"rendered":"https:\/\/koplaco.com.br\/?post_type=product&#038;p=9835"},"modified":"2026-03-31T10:22:39","modified_gmt":"2026-03-31T13:22:39","slug":"camiseta-oversized-jelly-jungle-branca","status":"publish","type":"product","link":"https:\/\/koplaco.com.br\/index.php\/produto\/camiseta-oversized-jelly-jungle-branca\/","title":{"rendered":"Camiseta Oversized Jelly Jungle Branca"},"content":{"rendered":"<ul>\n<li class=\"_04xlpA direction-ltr align-start para-style-body\"><span class=\"JsGRdQ\">Estampa: Serigrafia<\/span><\/li>\n<li class=\"_04xlpA direction-ltr align-start para-style-body\"><span class=\"JsGRdQ\">Composi\u00e7\u00e3o: 100% algod\u00e3o (fio 30.1 penteado)<\/span><\/li>\n<\/ul>\n<p>&nbsp;<\/p>\n<p>Acabamentos:<\/p>\n<ul>\n<li class=\"_04xlpA direction-ltr align-start para-style-body\">Refor\u00e7o em todas as costuras<\/li>\n<li class=\"_04xlpA direction-ltr align-start para-style-body\">Acabamento de ombro a ombro<\/li>\n<li class=\"_04xlpA direction-ltr align-start para-style-body\">Rebatimento de gola<\/li>\n<\/ul>\n<div>\n<div>\n<p>&nbsp;<\/p>\n<a class=\"sf-button small accent standard\" href=\"#modal-1\" role=\"button\" data-toggle=\"modal\"><span>Tabela de Tamanhos<\/span><\/a><div id=\"modal-1\" class=\"modal hide fade\" tabindex=\"-1\" role=\"dialog\" aria-labelledby=\"Tabela de Tamanhos (cm)\" aria-hidden=\"true\">\n\t\t  <div class=\"modal-header\">\n\t\t    <button type=\"button\" class=\"close\" data-dismiss=\"modal\" aria-hidden=\"true\">\u00d7<\/button>\n\t\t    <h3 id=\"modal-label\">Tabela de Tamanhos (cm)<\/h3>\n\t\t  <\/div>\n\t\t  <div class=\"modal-body\">\n\t\t  \t\n<table class=\"sf-table standard_bordered\"><tbody>\n<tr>\n<th> <\/th>\n<th>P<\/th>\n<th>M<\/th>\n<th>G<\/th>\n<th>GG<\/th>\n<\/tr>\n<tr>\n<th>Largura<\/th>\n<td>57<\/td>\n<td>59<\/td>\n<td>62<\/td>\n<td>64<\/td>\n<\/tr>\n<tr>\n<th>Comprimento<\/th>\n<td>78<\/td>\n<td>80<\/td>\n<td>82<\/td>\n<td>85<\/td>\n<\/tr>\n<tr>\n<th>Comprimento da Manga<\/th>\n<td>24<\/td>\n<td>25<\/td>\n<td>26<\/td>\n<td>27<\/td>\n<\/tr>\n<\/tbody><\/table>\n<div>\n<p>*As medidas podem sofrer varia\u00e7\u00e3o de 5% pelos processos de corte e costura serem manuais.<\/p>\n<\/div>\n\n\t\t  <\/div>\n\t\t<\/div>\n<div>\n<p>Produ\u00e7\u00e3o com fio de Algod\u00e3o Sustent\u00e1vel BCI (Better Cotton Initiative) das melhores fia\u00e7\u00f5es nacionais.<\/p>\n<div>\n<p>Nossas camisetas s\u00e3o confeccionadas com uma modelagem mais ampla do que a convencional, fugindo do padr\u00e3o.<\/p>\n<\/div>\n<\/div>\n<\/div>\n<\/div>\n","protected":false},"excerpt":{"rendered":"<p>Estampa: Serigrafia Composi\u00e7\u00e3o: 100% algod\u00e3o (fio 30.1 penteado) &nbsp; Acabamentos: Refor\u00e7o em todas as costuras Acabamento de ombro a ombro Rebatimento de gola &nbsp; Produ\u00e7\u00e3o com fio de Algod\u00e3o Sustent\u00e1vel BCI (Better Cotton Initiative) das melhores fia\u00e7\u00f5es nacionais. Nossas camisetas s\u00e3o confeccionadas com uma modelagem mais ampla do que a convencional, fugindo do padr\u00e3o.<\/p>\n","protected":false},"featured_media":10191,"comment_status":"open","ping_status":"closed","template":"","meta":{"om_disable_all_campaigns":false,"_monsterinsights_skip_tracking":false,"_monsterinsights_sitenote_active":false,"_monsterinsights_sitenote_note":"","_monsterinsights_sitenote_category":0},"product_cat":[15],"product_tag":[],"aioseo_notices":[],"_links":{"self":[{"href":"https:\/\/koplaco.com.br\/index.php\/wp-json\/wp\/v2\/product\/9835"}],"collection":[{"href":"https:\/\/koplaco.com.br\/index.php\/wp-json\/wp\/v2\/product"}],"about":[{"href":"https:\/\/koplaco.com.br\/index.php\/wp-json\/wp\/v2\/types\/product"}],"replies":[{"embeddable":true,"href":"https:\/\/koplaco.com.br\/index.php\/wp-json\/wp\/v2\/comments?post=9835"}],"wp:featuredmedia":[{"embeddable":true,"href":"https:\/\/koplaco.com.br\/index.php\/wp-json\/wp\/v2\/media\/10191"}],"wp:attachment":[{"href":"https:\/\/koplaco.com.br\/index.php\/wp-json\/wp\/v2\/media?parent=9835"}],"wp:term":[{"taxonomy":"product_cat","embeddable":true,"href":"https:\/\/koplaco.com.br\/index.php\/wp-json\/wp\/v2\/product_cat?post=9835"},{"taxonomy":"product_tag","embeddable":true,"href":"https:\/\/koplaco.com.br\/index.php\/wp-json\/wp\/v2\/product_tag?post=9835"}],"curies":[{"name":"wp","href":"https:\/\/api.w.org\/{rel}","templated":true}]}}