{"id":9840,"date":"2022-01-01T15:20:35","date_gmt":"2022-01-01T18:20:35","guid":{"rendered":"https:\/\/koplaco.com.br\/?post_type=product&#038;p=9840"},"modified":"2026-04-01T11:50:48","modified_gmt":"2026-04-01T14:50:48","slug":"calca-cargo-classic-preta","status":"publish","type":"product","link":"https:\/\/koplaco.com.br\/index.php\/produto\/calca-cargo-classic-preta\/","title":{"rendered":"Cal\u00e7a Cargo Classic Preta"},"content":{"rendered":"<div>\n<ul>\n<li>Estampa: Bordado<\/li>\n<li>Composi\u00e7\u00e3o: 100% poli\u00e9ster<\/li>\n<\/ul>\n<div>\n<p>Acabamentos:<\/p>\n<ul>\n<li>Refor\u00e7o em todas as costuras<\/li>\n<li>El\u00e1stico na cintura<\/li>\n<li>2 bolsos frontais<\/li>\n<li>Bolso lateral nas pernas com lapela e velcro<\/li>\n<li>Recortes na parte frontal das pernas<\/li>\n<\/ul>\n<a class=\"sf-button small accent standard\" href=\"#modal-1\" role=\"button\" data-toggle=\"modal\"><span>Tabela de Tamanhos<\/span><\/a><div id=\"modal-1\" class=\"modal hide fade\" tabindex=\"-1\" role=\"dialog\" aria-labelledby=\"Tabela de Tamanhos (cm)\" aria-hidden=\"true\">\n\t\t  <div class=\"modal-header\">\n\t\t    <button type=\"button\" class=\"close\" data-dismiss=\"modal\" aria-hidden=\"true\">\u00d7<\/button>\n\t\t    <h3 id=\"modal-label\">Tabela de Tamanhos (cm)<\/h3>\n\t\t  <\/div>\n\t\t  <div class=\"modal-body\">\n\t\t  \t\n<table class=\"sf-table standard_bordered\"><tbody>\n<tr>\n<th> <\/th>\n<th>P<\/th>\n<th>M<\/th>\n<th>G<\/th>\n<th>GG<\/th>\n<\/tr>\n<tr>\n<th>Comprimento Frente<\/th>\n<td>103<\/td>\n<td>105<\/td>\n<td>107<\/td>\n<td>109<\/td>\n<\/tr>\n<tr>\n<th>Comprimento Costas<\/th>\n<td>108<\/td>\n<td>110<\/td>\n<td>112<\/td>\n<td>114<\/td>\n<\/tr>\n<tr>\n<th>Largura Coxa<\/th>\n<td>29<\/td>\n<td>31<\/td>\n<td>33<\/td>\n<td>35<\/td>\n<\/tr>\n<tr>\n<th>Largura Barra<\/th>\n<td>17<\/td>\n<td>18<\/td>\n<td>19<\/td>\n<td>20<\/td>\n<\/tr>\n<\/tbody><\/table>\n<div>\n<p>*As medidas podem sofrer varia\u00e7\u00e3o de 5% pelos processos de corte e costura serem manuais.<\/p>\n<\/div>\n\n\t\t  <\/div>\n\t\t<\/div>\n<div>\n<p>&nbsp;<\/p>\n<\/div>\n<\/div>\n<\/div>\n","protected":false},"excerpt":{"rendered":"<p>Estampa: Bordado Composi\u00e7\u00e3o: 100% poli\u00e9ster Acabamentos: Refor\u00e7o em todas as costuras El\u00e1stico na cintura 2 bolsos frontais Bolso lateral nas pernas com lapela e velcro Recortes na parte frontal das pernas &nbsp;<\/p>\n","protected":false},"featured_media":10250,"comment_status":"open","ping_status":"closed","template":"","meta":{"om_disable_all_campaigns":false,"_monsterinsights_skip_tracking":false,"_monsterinsights_sitenote_active":false,"_monsterinsights_sitenote_note":"","_monsterinsights_sitenote_category":0},"product_cat":[253],"product_tag":[],"aioseo_notices":[],"_links":{"self":[{"href":"https:\/\/koplaco.com.br\/index.php\/wp-json\/wp\/v2\/product\/9840"}],"collection":[{"href":"https:\/\/koplaco.com.br\/index.php\/wp-json\/wp\/v2\/product"}],"about":[{"href":"https:\/\/koplaco.com.br\/index.php\/wp-json\/wp\/v2\/types\/product"}],"replies":[{"embeddable":true,"href":"https:\/\/koplaco.com.br\/index.php\/wp-json\/wp\/v2\/comments?post=9840"}],"wp:featuredmedia":[{"embeddable":true,"href":"https:\/\/koplaco.com.br\/index.php\/wp-json\/wp\/v2\/media\/10250"}],"wp:attachment":[{"href":"https:\/\/koplaco.com.br\/index.php\/wp-json\/wp\/v2\/media?parent=9840"}],"wp:term":[{"taxonomy":"product_cat","embeddable":true,"href":"https:\/\/koplaco.com.br\/index.php\/wp-json\/wp\/v2\/product_cat?post=9840"},{"taxonomy":"product_tag","embeddable":true,"href":"https:\/\/koplaco.com.br\/index.php\/wp-json\/wp\/v2\/product_tag?post=9840"}],"curies":[{"name":"wp","href":"https:\/\/api.w.org\/{rel}","templated":true}]}}