{"id":9978,"date":"2022-01-17T14:51:35","date_gmt":"2022-01-17T17:51:35","guid":{"rendered":"https:\/\/koplaco.com.br\/?post_type=product&#038;p=9978"},"modified":"2026-03-31T09:58:57","modified_gmt":"2026-03-31T12:58:57","slug":"oculos-up-stile","status":"publish","type":"product","link":"https:\/\/koplaco.com.br\/index.php\/produto\/oculos-up-stile\/","title":{"rendered":"\u00d3culos Up Stile"},"content":{"rendered":"<p data-path-to-node=\"4\">Eleve seu visual com um acess\u00f3rio feito para durar. Nossos \u00f3culos s\u00e3o produzidos com materiais de alta performance, garantindo leveza e resist\u00eancia incompar\u00e1veis.<\/p>\n<p data-path-to-node=\"5\">O design anat\u00f4mico se adapta perfeitamente ao rosto, oferecendo conforto absoluto durante todo o dia. Suas linhas modernas e vers\u00e1teis tornam esta pe\u00e7a o coringa ideal, transitando com eleg\u00e2ncia entre o casual e o sofisticado em diversas ocasi\u00f5es.<\/p>\n<p data-path-to-node=\"6\">As lentes possuem tecnologia de prote\u00e7\u00e3o solar total (UVA\/UVB), garantindo m\u00e1xima seguran\u00e7a e conforto visual mesmo nos dias mais claros.<\/p>\n<ul>\n<li>\n<p data-path-to-node=\"10,1,0\"><strong><i data-path-to-node=\"10,1,0\" data-index-in-node=\"0\">Edi\u00e7\u00e3o Limitada!<\/i><\/strong><\/p>\n<\/li>\n<\/ul>\n","protected":false},"excerpt":{"rendered":"<p>Eleve seu visual com um acess\u00f3rio feito para durar. Nossos \u00f3culos s\u00e3o produzidos com materiais de alta performance, garantindo leveza e resist\u00eancia incompar\u00e1veis. O design anat\u00f4mico se adapta perfeitamente ao rosto, oferecendo conforto absoluto durante todo o dia. Suas linhas modernas e vers\u00e1teis tornam esta pe\u00e7a o coringa ideal, transitando com eleg\u00e2ncia entre o casual e o sofisticado em diversas [&hellip;]<\/p>\n","protected":false},"featured_media":10197,"comment_status":"open","ping_status":"closed","template":"","meta":{"om_disable_all_campaigns":false,"_monsterinsights_skip_tracking":false,"_monsterinsights_sitenote_active":false,"_monsterinsights_sitenote_note":"","_monsterinsights_sitenote_category":0},"product_cat":[122],"product_tag":[],"aioseo_notices":[],"_links":{"self":[{"href":"https:\/\/koplaco.com.br\/index.php\/wp-json\/wp\/v2\/product\/9978"}],"collection":[{"href":"https:\/\/koplaco.com.br\/index.php\/wp-json\/wp\/v2\/product"}],"about":[{"href":"https:\/\/koplaco.com.br\/index.php\/wp-json\/wp\/v2\/types\/product"}],"replies":[{"embeddable":true,"href":"https:\/\/koplaco.com.br\/index.php\/wp-json\/wp\/v2\/comments?post=9978"}],"wp:featuredmedia":[{"embeddable":true,"href":"https:\/\/koplaco.com.br\/index.php\/wp-json\/wp\/v2\/media\/10197"}],"wp:attachment":[{"href":"https:\/\/koplaco.com.br\/index.php\/wp-json\/wp\/v2\/media?parent=9978"}],"wp:term":[{"taxonomy":"product_cat","embeddable":true,"href":"https:\/\/koplaco.com.br\/index.php\/wp-json\/wp\/v2\/product_cat?post=9978"},{"taxonomy":"product_tag","embeddable":true,"href":"https:\/\/koplaco.com.br\/index.php\/wp-json\/wp\/v2\/product_tag?post=9978"}],"curies":[{"name":"wp","href":"https:\/\/api.w.org\/{rel}","templated":true}]}}